{"id":192,"date":"2018-02-12T15:23:57","date_gmt":"2018-02-12T15:23:57","guid":{"rendered":"http:\/\/www.gem-shop.eu\/?page_id=192"},"modified":"2018-02-12T15:23:57","modified_gmt":"2018-02-12T15:23:57","slug":"angebot-leistungen","status":"publish","type":"page","link":"https:\/\/www.gem-shop.eu\/?page_id=192","title":{"rendered":"Angebot\/Leistungen"},"content":{"rendered":"<p><strong>Geschliffene Edelsteine im Pr\u00e4zisionsschliff ab Lager<\/strong><br \/>\nEine Auswahl der verf\u00fcgbaren Edelsteine ist auf dieser Homepage unter dem Men\u00fcpunkt &#8220;Steine &amp; Schliffe&#8221; zu sehen. F\u00fcr weitere verf\u00fcgbare Edeslteine kontaktieren Sie mich bitte direkt.<\/p>\n<p><strong>Geschliffene Steine im Pr\u00e4zisionsschliff auf Auftrag<\/strong><br \/>\nTeilen Sie mir daf\u00fcr die notwendigen Eckdaten (Material, Form, Gr\u00f6\u00dfe) mit &#8211; ich erstelle Ihnen gerne auf dieser Basis ein unverbindliches Angebot und liefere den fertigen Stein nach Auftrag.<\/p>\n<p><strong>Sonderanfertigungen<br \/>\n<\/strong>Wenn Sie auf\u00a0 der Suche nach einem Unikat f\u00fcr Ihr ganz besonderes Schmuckst\u00fcck sind, entwerfe ich individuelle Schliffe und schleife den Edelstein im gew\u00fcnschten Material. Sie erhalten vorab eine zeichnerische Darstellung des Schliffdesigns und ein Rendering, das einen visuellen Eindruck des fertigen Edelsteines vermittelt.<\/p>\n<p><strong>Um- und Einschleifarbeiten, Reparaturen<\/strong><br \/>\nNach Verf\u00fcgbarkeit auf Anfrage<\/p>\n<p><strong>Edelsteinhandel<\/strong><br \/>\nKalibrierte Ware im Hand- oder Maschinenschliff &#8211; auch in gr\u00f6\u00dferen St\u00fcckzahlen. Bitte teilen Sie mir Ihre konkreten W\u00fcnsche mit, ich erstelle gerne ein unverbindliches Angebot.<\/p>\n<p>&nbsp;<\/p>\n<p>&nbsp;<\/p>\n<p>&nbsp;<\/p>\n<p>&nbsp;<\/p>\n","protected":false},"excerpt":{"rendered":"<p>Geschliffene Edelsteine im Pr\u00e4zisionsschliff ab Lager Eine Auswahl der verf\u00fcgbaren Edelsteine ist auf dieser Homepage unter dem Men\u00fcpunkt &#8220;Steine &amp; Schliffe&#8221; zu sehen. F\u00fcr weitere verf\u00fcgbare Edeslteine kontaktieren Sie mich bitte direkt. Geschliffene Steine im Pr\u00e4zisionsschliff auf Auftrag Teilen Sie mir daf\u00fcr die notwendigen Eckdaten (Material, Form, Gr\u00f6\u00dfe) mit &#8211; ich erstelle Ihnen gerne auf [&hellip;]<\/p>\n","protected":false},"author":2,"featured_media":0,"parent":0,"menu_order":0,"comment_status":"closed","ping_status":"closed","template":"","meta":[],"_links":{"self":[{"href":"https:\/\/www.gem-shop.eu\/index.php?rest_route=\/wp\/v2\/pages\/192"}],"collection":[{"href":"https:\/\/www.gem-shop.eu\/index.php?rest_route=\/wp\/v2\/pages"}],"about":[{"href":"https:\/\/www.gem-shop.eu\/index.php?rest_route=\/wp\/v2\/types\/page"}],"author":[{"embeddable":true,"href":"https:\/\/www.gem-shop.eu\/index.php?rest_route=\/wp\/v2\/users\/2"}],"replies":[{"embeddable":true,"href":"https:\/\/www.gem-shop.eu\/index.php?rest_route=%2Fwp%2Fv2%2Fcomments&post=192"}],"version-history":[{"count":1,"href":"https:\/\/www.gem-shop.eu\/index.php?rest_route=\/wp\/v2\/pages\/192\/revisions"}],"predecessor-version":[{"id":193,"href":"https:\/\/www.gem-shop.eu\/index.php?rest_route=\/wp\/v2\/pages\/192\/revisions\/193"}],"wp:attachment":[{"href":"https:\/\/www.gem-shop.eu\/index.php?rest_route=%2Fwp%2Fv2%2Fmedia&parent=192"}],"curies":[{"name":"wp","href":"https:\/\/api.w.org\/{rel}","templated":true}]}}